{"id":437,"date":"2015-12-05T10:12:11","date_gmt":"2015-12-05T10:12:11","guid":{"rendered":"http:\/\/loyma.es\/?page_id=437&#038;lang=fr"},"modified":"2018-04-03T10:24:54","modified_gmt":"2018-04-03T10:24:54","slug":"contact","status":"publish","type":"page","link":"https:\/\/loyma.es\/fr\/contact\/","title":{"rendered":"CONTACT"},"content":{"rendered":"<div class=\"fusion-fullwidth fullwidth-box fusion-builder-row-1 fusion-flex-container nonhundred-percent-fullwidth non-hundred-percent-height-scrolling\" style=\"--awb-background-position:left top;--awb-border-radius-top-left:0px;--awb-border-radius-top-right:0px;--awb-border-radius-bottom-right:0px;--awb-border-radius-bottom-left:0px;--awb-padding-top:20px;--awb-padding-right:0px;--awb-padding-bottom:20px;--awb-padding-left:0px;--awb-border-sizes-top:0px;--awb-border-sizes-bottom:0px;--awb-flex-wrap:wrap;\" ><div class=\"fusion-builder-row fusion-row fusion-flex-align-items-flex-start fusion-flex-content-wrap\" style=\"max-width:1144px;margin-left: calc(-4% \/ 2 );margin-right: calc(-4% \/ 2 );\"><div class=\"fusion-layout-column fusion_builder_column fusion-builder-column-0 fusion_builder_column_3_5 3_5 fusion-flex-column\" style=\"--awb-padding-top:20px;--awb-padding-right:20px;--awb-padding-bottom:20px;--awb-padding-left:20px;--awb-bg-color:#eeeeee;--awb-bg-color-hover:#eeeeee;--awb-bg-size:cover;--awb-width-large:60%;--awb-margin-top-large:0px;--awb-spacing-right-large:3.84%;--awb-margin-bottom-large:20px;--awb-spacing-left-large:3.2%;--awb-width-medium:60%;--awb-spacing-right-medium:3.84%;--awb-spacing-left-medium:3.2%;--awb-width-small:100%;--awb-spacing-right-small:1.92%;--awb-spacing-left-small:1.92%;\"><div class=\"fusion-column-wrapper fusion-flex-justify-content-flex-start fusion-content-layout-column\"><div class=\"fusion-title title fusion-title-1 fusion-sep-none fusion-title-text fusion-title-size-two\" style=\"--awb-margin-bottom:30px;--awb-margin-top-small:0px;--awb-margin-right-small:0px;--awb-margin-bottom-small:20px;--awb-margin-left-small:0px;\"><h2 class=\"fusion-title-heading title-heading-left\" style=\"margin:0;\">Contacter LOYMA<\/h2><\/div><div class=\"fusion-text fusion-text-1\"><p>Si vous souhaitez nous contacter, vous pouvez nous appeler au 0034 968 71 60 02 ou par le formulaire ci-dessous:<\/p>\n<\/div><div class=\"fusion-text fusion-text-2\">\n<div class=\"wpcf7 no-js\" id=\"wpcf7-f473-o1\" lang=\"es-ES\" dir=\"ltr\" data-wpcf7-id=\"473\">\n<div class=\"screen-reader-response\"><p role=\"status\" aria-live=\"polite\" aria-atomic=\"true\"><\/p> <ul><\/ul><\/div>\n<form action=\"\/fr\/wp-json\/wp\/v2\/pages\/437#wpcf7-f473-o1\" method=\"post\" class=\"wpcf7-form init\" aria-label=\"Formulario de contacto\" novalidate=\"novalidate\" data-status=\"init\">\n<fieldset class=\"hidden-fields-container\"><input type=\"hidden\" name=\"_wpcf7\" value=\"473\" \/><input type=\"hidden\" name=\"_wpcf7_version\" value=\"6.1.5\" \/><input type=\"hidden\" name=\"_wpcf7_locale\" value=\"es_ES\" \/><input type=\"hidden\" name=\"_wpcf7_unit_tag\" value=\"wpcf7-f473-o1\" \/><input type=\"hidden\" name=\"_wpcf7_container_post\" value=\"0\" \/><input type=\"hidden\" name=\"_wpcf7_posted_data_hash\" value=\"\" \/><input type=\"hidden\" name=\"_wpcf7_recaptcha_response\" value=\"\" \/>\n<\/fieldset>\n<table width=\"100%\" border=\"0\" cellspacing=\"0\" cellpadding=\"5\">\n\t<tr>\n\t\t<td>\n\t\t\t<p>Votre nom (obligatoire)\n\t\t\t<\/p>\n\t\t\t<p><span class=\"wpcf7-form-control-wrap\" data-name=\"your-name\"><input size=\"40\" maxlength=\"400\" class=\"wpcf7-form-control wpcf7-text wpcf7-validates-as-required\" aria-required=\"true\" aria-invalid=\"false\" value=\"\" type=\"text\" name=\"your-name\" \/><\/span>\n\t\t\t<\/p>\n\t\t<\/td>\n\t\t<td>\n\t\t\t<p>Votre e-mail (obligatoire)\n\t\t\t<\/p>\n\t\t\t<p><span class=\"wpcf7-form-control-wrap\" data-name=\"your-email\"><input size=\"40\" maxlength=\"400\" class=\"wpcf7-form-control wpcf7-email wpcf7-validates-as-required wpcf7-text wpcf7-validates-as-email\" aria-required=\"true\" aria-invalid=\"false\" value=\"\" type=\"email\" name=\"your-email\" \/><\/span>\n\t\t\t<\/p>\n\t\t<\/td>\n\t\t<td>\n\t\t\t<p>T\u00e9l\u00e9phone (obligatoire)\n\t\t\t<\/p>\n\t\t\t<p><span class=\"wpcf7-form-control-wrap\" data-name=\"tel-821\"><input size=\"40\" maxlength=\"400\" class=\"wpcf7-form-control wpcf7-tel wpcf7-validates-as-required wpcf7-text wpcf7-validates-as-tel\" aria-required=\"true\" aria-invalid=\"false\" value=\"\" type=\"tel\" name=\"tel-821\" \/><\/span>\n\t\t\t<\/p>\n\t\t<\/td>\n\t<\/tr>\n\t<tr>\n\t\t<td colspan=\"3\">\n\t\t\t<p>Votre message\n\t\t\t<\/p>\n\t\t\t<p><span class=\"wpcf7-form-control-wrap\" data-name=\"your-message\"><textarea cols=\"40\" rows=\"10\" maxlength=\"2000\" class=\"wpcf7-form-control wpcf7-textarea\" aria-invalid=\"false\" name=\"your-message\"><\/textarea><\/span>\n\t\t\t<\/p>\n\t\t<\/td>\n\t<\/tr>\n<\/table>\n<p><span class=\"wpcf7-form-control-wrap\" data-name=\"acceptance-577\"><span class=\"wpcf7-form-control wpcf7-acceptance\"><span class=\"wpcf7-list-item\"><label><input type=\"checkbox\" name=\"acceptance-577\" value=\"1\" aria-invalid=\"false\" \/><span class=\"wpcf7-list-item-label\">J'ai lu et j'accepte la <a href=\"https:\/\/loyma.es\/fr\/politique-de-confidentialite-protection-de-donnees\/\"> politique de confidentialit\u00e9<\/a><\/span><\/label><\/span><\/span><\/span>\n<\/p>\n<p>\n\n<\/p>\n<p><span class=\"ley\">Responsable des donn\u00e9es: Loyma<br \/>\nObjectif: R\u00e9pondre aux demandes de formulaire<br \/>\nL\u00e9gitimation: votre consentement expr\u00e8s<br \/>\nDestinataire: LOYMA (donn\u00e9es stock\u00e9es uniquement dans le client de messagerie)<br \/>\nDroits: Vous avez le droit d'acc\u00e8s, de rectification, de suppression, de limitation, de portabilit\u00e9 et d'oubli de vos donn\u00e9es<\/span>\n<\/p>\n<p><input class=\"wpcf7-form-control wpcf7-submit has-spinner\" type=\"submit\" value=\"Envoyer\" \/>\n<\/p><div class=\"fusion-alert alert custom alert-custom fusion-alert-center wpcf7-response-output fusion-alert-capitalize awb-alert-native-link-color alert-dismissable awb-alert-close-boxed\" style=\"--awb-border-top-left-radius:0px;--awb-border-top-right-radius:0px;--awb-border-bottom-left-radius:0px;--awb-border-bottom-right-radius:0px;\" role=\"alert\"><div class=\"fusion-alert-content-wrapper\"><span class=\"fusion-alert-content\"><\/span><\/div><button type=\"button\" class=\"close toggle-alert\" data-dismiss=\"alert\" aria-label=\"Close\">&times;<\/button><\/div>\n<\/form>\n<\/div>\n\n<\/div><\/div><\/div><div class=\"fusion-layout-column fusion_builder_column fusion-builder-column-1 fusion_builder_column_2_5 2_5 fusion-flex-column\" style=\"--awb-bg-size:cover;--awb-width-large:40%;--awb-margin-top-large:0px;--awb-spacing-right-large:4.8%;--awb-margin-bottom-large:20px;--awb-spacing-left-large:3.84%;--awb-width-medium:40%;--awb-spacing-right-medium:4.8%;--awb-spacing-left-medium:3.84%;--awb-width-small:100%;--awb-spacing-right-small:1.92%;--awb-spacing-left-small:1.92%;\"><div class=\"fusion-column-wrapper fusion-flex-justify-content-flex-start fusion-content-layout-column\"><div class=\"fusion-text fusion-text-3\"><p><iframe src=\"https:\/\/mapsengine.google.com\/map\/embed?mid=z168V4cXmE6o.kjvcqwKWWj54\" width=\"100%\" height=\"300\" loading=\"lazy\"><\/iframe><\/p>\n<\/div><div class=\"fusion-image-element \" style=\"--awb-caption-title-font-family:var(--h2_typography-font-family);--awb-caption-title-font-weight:var(--h2_typography-font-weight);--awb-caption-title-font-style:var(--h2_typography-font-style);--awb-caption-title-size:var(--h2_typography-font-size);--awb-caption-title-transform:var(--h2_typography-text-transform);--awb-caption-title-line-height:var(--h2_typography-line-height);--awb-caption-title-letter-spacing:var(--h2_typography-letter-spacing);\"><span class=\" fusion-imageframe imageframe-none imageframe-1 hover-type-none\"><img decoding=\"async\" width=\"211\" height=\"112\" title=\"logo-loyma-estructuras-metalicas\" src=\"https:\/\/loyma.es\/content-nx\/uploads\/2015\/04\/logo-loyma-estructuras-metalicas.png\" alt class=\"img-responsive wp-image-671\" loading=\"lazy\" \/><\/span><\/div><div class=\"fusion-text fusion-text-4\"><h3>Estructuras Loyma<\/h3>\n<p>Ctra. de Yecla, km 73<br \/>\nApt. 69 30520 Jumilla &#8211; Murcia<\/p>\n<p>Telf. 968 71 60 02 &#8211; 968 78 08 47<br \/>\nFax. 968 71 60 48<\/p>\n<p>loyma@loyma.es<\/p>\n<p>montajesindustriales@loyma.es<\/p>\n<p>serviciosintegrales@loyma.es<\/p>\n<\/div><\/div><\/div><\/div><\/div>\n","protected":false},"excerpt":{"rendered":"","protected":false},"author":1,"featured_media":0,"parent":0,"menu_order":0,"comment_status":"closed","ping_status":"closed","template":"","meta":{"footnotes":""},"class_list":["post-437","page","type-page","status-publish","hentry"],"yoast_head":"<!-- This site is optimized with the Yoast SEO plugin v27.4 - https:\/\/yoast.com\/product\/yoast-seo-wordpress\/ -->\n<title>CONTACT - Loyma | Estructuras Met\u00e1licas<\/title>\n<meta name=\"robots\" content=\"index, follow, max-snippet:-1, max-image-preview:large, max-video-preview:-1\" \/>\n<link rel=\"canonical\" href=\"https:\/\/loyma.es\/fr\/contact\/\" \/>\n<meta property=\"og:locale\" content=\"fr_FR\" \/>\n<meta property=\"og:type\" content=\"article\" \/>\n<meta property=\"og:title\" content=\"CONTACT - Loyma | Estructuras Met\u00e1licas\" \/>\n<meta property=\"og:url\" content=\"https:\/\/loyma.es\/fr\/contact\/\" \/>\n<meta property=\"og:site_name\" content=\"Loyma | Estructuras Met\u00e1licas\" \/>\n<meta property=\"article:publisher\" content=\"https:\/\/www.facebook.com\/Estructuras-Loyma-496681867184033\/\" \/>\n<meta property=\"article:modified_time\" content=\"2018-04-03T10:24:54+00:00\" \/>\n<meta property=\"og:image\" content=\"https:\/\/loyma.es\/content-nx\/uploads\/2015\/04\/logo-loyma-estructuras-metalicas.png\" \/>\n<meta name=\"twitter:card\" content=\"summary_large_image\" \/>\n<meta name=\"twitter:label1\" content=\"Dur\u00e9e de lecture estim\u00e9e\" \/>\n\t<meta name=\"twitter:data1\" content=\"1 minute\" \/>\n<script type=\"application\/ld+json\" class=\"yoast-schema-graph\">{\"@context\":\"https:\\\/\\\/schema.org\",\"@graph\":[{\"@type\":\"WebPage\",\"@id\":\"https:\\\/\\\/loyma.es\\\/fr\\\/contact\\\/\",\"url\":\"https:\\\/\\\/loyma.es\\\/fr\\\/contact\\\/\",\"name\":\"CONTACT - Loyma | Estructuras Met\u00e1licas\",\"isPartOf\":{\"@id\":\"https:\\\/\\\/loyma.es\\\/fr\\\/#website\"},\"primaryImageOfPage\":{\"@id\":\"https:\\\/\\\/loyma.es\\\/fr\\\/contact\\\/#primaryimage\"},\"image\":{\"@id\":\"https:\\\/\\\/loyma.es\\\/fr\\\/contact\\\/#primaryimage\"},\"thumbnailUrl\":\"https:\\\/\\\/loyma.es\\\/content-nx\\\/uploads\\\/2015\\\/04\\\/logo-loyma-estructuras-metalicas.png\",\"datePublished\":\"2015-12-05T10:12:11+00:00\",\"dateModified\":\"2018-04-03T10:24:54+00:00\",\"breadcrumb\":{\"@id\":\"https:\\\/\\\/loyma.es\\\/fr\\\/contact\\\/#breadcrumb\"},\"inLanguage\":\"fr-FR\",\"potentialAction\":[{\"@type\":\"ReadAction\",\"target\":[\"https:\\\/\\\/loyma.es\\\/fr\\\/contact\\\/\"]}]},{\"@type\":\"ImageObject\",\"inLanguage\":\"fr-FR\",\"@id\":\"https:\\\/\\\/loyma.es\\\/fr\\\/contact\\\/#primaryimage\",\"url\":\"https:\\\/\\\/loyma.es\\\/content-nx\\\/uploads\\\/2015\\\/04\\\/logo-loyma-estructuras-metalicas.png\",\"contentUrl\":\"https:\\\/\\\/loyma.es\\\/content-nx\\\/uploads\\\/2015\\\/04\\\/logo-loyma-estructuras-metalicas.png\"},{\"@type\":\"BreadcrumbList\",\"@id\":\"https:\\\/\\\/loyma.es\\\/fr\\\/contact\\\/#breadcrumb\",\"itemListElement\":[{\"@type\":\"ListItem\",\"position\":1,\"name\":\"Portada\",\"item\":\"https:\\\/\\\/loyma.es\\\/fr\\\/principal\\\/\"},{\"@type\":\"ListItem\",\"position\":2,\"name\":\"CONTACT\"}]},{\"@type\":\"WebSite\",\"@id\":\"https:\\\/\\\/loyma.es\\\/fr\\\/#website\",\"url\":\"https:\\\/\\\/loyma.es\\\/fr\\\/\",\"name\":\"Loyma | Estructuras Met\u00e1licas\",\"description\":\"\",\"publisher\":{\"@id\":\"https:\\\/\\\/loyma.es\\\/fr\\\/#organization\"},\"potentialAction\":[{\"@type\":\"SearchAction\",\"target\":{\"@type\":\"EntryPoint\",\"urlTemplate\":\"https:\\\/\\\/loyma.es\\\/fr\\\/?s={search_term_string}\"},\"query-input\":{\"@type\":\"PropertyValueSpecification\",\"valueRequired\":true,\"valueName\":\"search_term_string\"}}],\"inLanguage\":\"fr-FR\"},{\"@type\":\"Organization\",\"@id\":\"https:\\\/\\\/loyma.es\\\/fr\\\/#organization\",\"name\":\"LOYMA\",\"url\":\"https:\\\/\\\/loyma.es\\\/fr\\\/\",\"logo\":{\"@type\":\"ImageObject\",\"inLanguage\":\"fr-FR\",\"@id\":\"https:\\\/\\\/loyma.es\\\/fr\\\/#\\\/schema\\\/logo\\\/image\\\/\",\"url\":\"https:\\\/\\\/loyma.es\\\/content-nx\\\/uploads\\\/2018\\\/04\\\/loyma-estructuras-metalicas-servicios-industriales-.png\",\"contentUrl\":\"https:\\\/\\\/loyma.es\\\/content-nx\\\/uploads\\\/2018\\\/04\\\/loyma-estructuras-metalicas-servicios-industriales-.png\",\"width\":250,\"height\":109,\"caption\":\"LOYMA\"},\"image\":{\"@id\":\"https:\\\/\\\/loyma.es\\\/fr\\\/#\\\/schema\\\/logo\\\/image\\\/\"},\"sameAs\":[\"https:\\\/\\\/www.facebook.com\\\/Estructuras-Loyma-496681867184033\\\/\",\"https:\\\/\\\/www.youtube.com\\\/channel\\\/UCBTlhg__xSQtvvTLb7Sc7AA\",\"https:\\\/\\\/www.linkedin.com\\\/company\\\/loyma-estructuras-metalicas\\\/\"]}]}<\/script>\n<!-- \/ Yoast SEO plugin. -->","yoast_head_json":{"title":"CONTACT - Loyma | Estructuras Met\u00e1licas","robots":{"index":"index","follow":"follow","max-snippet":"max-snippet:-1","max-image-preview":"max-image-preview:large","max-video-preview":"max-video-preview:-1"},"canonical":"https:\/\/loyma.es\/fr\/contact\/","og_locale":"fr_FR","og_type":"article","og_title":"CONTACT - Loyma | Estructuras Met\u00e1licas","og_url":"https:\/\/loyma.es\/fr\/contact\/","og_site_name":"Loyma | Estructuras Met\u00e1licas","article_publisher":"https:\/\/www.facebook.com\/Estructuras-Loyma-496681867184033\/","article_modified_time":"2018-04-03T10:24:54+00:00","og_image":[{"url":"https:\/\/loyma.es\/content-nx\/uploads\/2015\/04\/logo-loyma-estructuras-metalicas.png","type":"","width":"","height":""}],"twitter_card":"summary_large_image","twitter_misc":{"Dur\u00e9e de lecture estim\u00e9e":"1 minute"},"schema":{"@context":"https:\/\/schema.org","@graph":[{"@type":"WebPage","@id":"https:\/\/loyma.es\/fr\/contact\/","url":"https:\/\/loyma.es\/fr\/contact\/","name":"CONTACT - Loyma | Estructuras Met\u00e1licas","isPartOf":{"@id":"https:\/\/loyma.es\/fr\/#website"},"primaryImageOfPage":{"@id":"https:\/\/loyma.es\/fr\/contact\/#primaryimage"},"image":{"@id":"https:\/\/loyma.es\/fr\/contact\/#primaryimage"},"thumbnailUrl":"https:\/\/loyma.es\/content-nx\/uploads\/2015\/04\/logo-loyma-estructuras-metalicas.png","datePublished":"2015-12-05T10:12:11+00:00","dateModified":"2018-04-03T10:24:54+00:00","breadcrumb":{"@id":"https:\/\/loyma.es\/fr\/contact\/#breadcrumb"},"inLanguage":"fr-FR","potentialAction":[{"@type":"ReadAction","target":["https:\/\/loyma.es\/fr\/contact\/"]}]},{"@type":"ImageObject","inLanguage":"fr-FR","@id":"https:\/\/loyma.es\/fr\/contact\/#primaryimage","url":"https:\/\/loyma.es\/content-nx\/uploads\/2015\/04\/logo-loyma-estructuras-metalicas.png","contentUrl":"https:\/\/loyma.es\/content-nx\/uploads\/2015\/04\/logo-loyma-estructuras-metalicas.png"},{"@type":"BreadcrumbList","@id":"https:\/\/loyma.es\/fr\/contact\/#breadcrumb","itemListElement":[{"@type":"ListItem","position":1,"name":"Portada","item":"https:\/\/loyma.es\/fr\/principal\/"},{"@type":"ListItem","position":2,"name":"CONTACT"}]},{"@type":"WebSite","@id":"https:\/\/loyma.es\/fr\/#website","url":"https:\/\/loyma.es\/fr\/","name":"Loyma | Estructuras Met\u00e1licas","description":"","publisher":{"@id":"https:\/\/loyma.es\/fr\/#organization"},"potentialAction":[{"@type":"SearchAction","target":{"@type":"EntryPoint","urlTemplate":"https:\/\/loyma.es\/fr\/?s={search_term_string}"},"query-input":{"@type":"PropertyValueSpecification","valueRequired":true,"valueName":"search_term_string"}}],"inLanguage":"fr-FR"},{"@type":"Organization","@id":"https:\/\/loyma.es\/fr\/#organization","name":"LOYMA","url":"https:\/\/loyma.es\/fr\/","logo":{"@type":"ImageObject","inLanguage":"fr-FR","@id":"https:\/\/loyma.es\/fr\/#\/schema\/logo\/image\/","url":"https:\/\/loyma.es\/content-nx\/uploads\/2018\/04\/loyma-estructuras-metalicas-servicios-industriales-.png","contentUrl":"https:\/\/loyma.es\/content-nx\/uploads\/2018\/04\/loyma-estructuras-metalicas-servicios-industriales-.png","width":250,"height":109,"caption":"LOYMA"},"image":{"@id":"https:\/\/loyma.es\/fr\/#\/schema\/logo\/image\/"},"sameAs":["https:\/\/www.facebook.com\/Estructuras-Loyma-496681867184033\/","https:\/\/www.youtube.com\/channel\/UCBTlhg__xSQtvvTLb7Sc7AA","https:\/\/www.linkedin.com\/company\/loyma-estructuras-metalicas\/"]}]}},"_links":{"self":[{"href":"https:\/\/loyma.es\/fr\/wp-json\/wp\/v2\/pages\/437","targetHints":{"allow":["GET"]}}],"collection":[{"href":"https:\/\/loyma.es\/fr\/wp-json\/wp\/v2\/pages"}],"about":[{"href":"https:\/\/loyma.es\/fr\/wp-json\/wp\/v2\/types\/page"}],"author":[{"embeddable":true,"href":"https:\/\/loyma.es\/fr\/wp-json\/wp\/v2\/users\/1"}],"replies":[{"embeddable":true,"href":"https:\/\/loyma.es\/fr\/wp-json\/wp\/v2\/comments?post=437"}],"version-history":[{"count":0,"href":"https:\/\/loyma.es\/fr\/wp-json\/wp\/v2\/pages\/437\/revisions"}],"wp:attachment":[{"href":"https:\/\/loyma.es\/fr\/wp-json\/wp\/v2\/media?parent=437"}],"curies":[{"name":"wp","href":"https:\/\/api.w.org\/{rel}","templated":true}]}}